{"id":431,"date":"2025-07-18T16:18:58","date_gmt":"2025-07-18T14:18:58","guid":{"rendered":"https:\/\/photobizet.com\/?page_id=431"},"modified":"2025-07-18T16:38:39","modified_gmt":"2025-07-18T14:38:39","slug":"horaires-douverture","status":"publish","type":"page","link":"https:\/\/photobizet.com\/index.php\/horaires-douverture\/","title":{"rendered":"Horaires d&rsquo;ouverture :"},"content":{"rendered":"\n<p class=\"has-text-align-center has-black-color has-pale-cyan-blue-background-color has-text-color has-background has-link-color has-large-font-size wp-elements-ac8bba9a01301d27e052ad462c754818\"><strong>Du mardi au samedi de 9h00 \u00e0 12h00 et de 14h30 \u00e0 19h00<\/strong><\/p>\n\n\n\n<p class=\"has-text-align-center has-black-color has-pale-cyan-blue-background-color has-text-color has-background has-link-color has-large-font-size wp-elements-5d3b94873316b22321175c5786ce9280\"><strong>Au mois d&rsquo;aout 9h30 \u00e0 12h00 et de 15h00 \u00e0 19h00<\/strong><\/p>\n\n\n\n<p class=\"has-text-align-center has-vivid-red-color has-pale-cyan-blue-background-color has-text-color has-background has-link-color has-large-font-size wp-elements-2b45feb6908f229a33dc8186dffe803e\"><strong>Le magasin sera ferm\u00e9 du 10 aout au 18 inclus<\/strong><\/p>\n\n\n\n<p><\/p>\n","protected":false},"excerpt":{"rendered":"<p>Du mardi au samedi de 9h00 \u00e0 12h00 et de 14h30 \u00e0 19h00 Au mois d&rsquo;aout 9h30 \u00e0 12h00 et de 15h00 \u00e0 19h00 Le magasin sera ferm\u00e9 du 10 aout au 18 inclus<\/p>\n","protected":false},"author":1,"featured_media":0,"parent":0,"menu_order":0,"comment_status":"closed","ping_status":"closed","template":"","meta":{"footnotes":""},"class_list":["post-431","page","type-page","status-publish","hentry","no-thumb"],"_links":{"self":[{"href":"https:\/\/photobizet.com\/index.php\/wp-json\/wp\/v2\/pages\/431","targetHints":{"allow":["GET"]}}],"collection":[{"href":"https:\/\/photobizet.com\/index.php\/wp-json\/wp\/v2\/pages"}],"about":[{"href":"https:\/\/photobizet.com\/index.php\/wp-json\/wp\/v2\/types\/page"}],"author":[{"embeddable":true,"href":"https:\/\/photobizet.com\/index.php\/wp-json\/wp\/v2\/users\/1"}],"replies":[{"embeddable":true,"href":"https:\/\/photobizet.com\/index.php\/wp-json\/wp\/v2\/comments?post=431"}],"version-history":[{"count":6,"href":"https:\/\/photobizet.com\/index.php\/wp-json\/wp\/v2\/pages\/431\/revisions"}],"predecessor-version":[{"id":441,"href":"https:\/\/photobizet.com\/index.php\/wp-json\/wp\/v2\/pages\/431\/revisions\/441"}],"wp:attachment":[{"href":"https:\/\/photobizet.com\/index.php\/wp-json\/wp\/v2\/media?parent=431"}],"curies":[{"name":"wp","href":"https:\/\/api.w.org\/{rel}","templated":true}]}}