{"id":237,"date":"2019-03-24T07:24:34","date_gmt":"2019-03-24T06:24:34","guid":{"rendered":"http:\/\/photobizet.com\/?page_id=237"},"modified":"2024-02-14T12:00:21","modified_gmt":"2024-02-14T11:00:21","slug":"presentation-des-photos","status":"publish","type":"page","link":"https:\/\/photobizet.com\/index.php\/presentation-des-photos\/","title":{"rendered":"Pr\u00e9sentation des photos"},"content":{"rendered":"<p>S\u00e9ance portrait<br>Les photos de votre s\u00e9ance portrait sont pr\u00e9sent\u00e9es dans un album :<br><img loading=\"lazy\" decoding=\"async\" class=\"alignnone size-full wp-image-225\" src=\"https:\/\/photobizet.com\/wp-content\/uploads\/2019\/03\/album-maison.jpg\" alt=\"\" width=\"2244\" height=\"1535\" srcset=\"https:\/\/photobizet.com\/wp-content\/uploads\/2019\/03\/album-maison.jpg 2244w, https:\/\/photobizet.com\/wp-content\/uploads\/2019\/03\/album-maison-300x205.jpg 300w, https:\/\/photobizet.com\/wp-content\/uploads\/2019\/03\/album-maison-768x525.jpg 768w, https:\/\/photobizet.com\/wp-content\/uploads\/2019\/03\/album-maison-1024x700.jpg 1024w\" sizes=\"auto, (max-width: 2244px) 100vw, 2244px\" \/><br>Nous pouvons, si vous le souhaitez, vous les livrer en pochettes s\u00e9par\u00e9es :<br><img loading=\"lazy\" decoding=\"async\" class=\"alignnone size-full wp-image-235\" src=\"https:\/\/photobizet.com\/wp-content\/uploads\/2019\/03\/pochette.jpg\" alt=\"\" width=\"1769\" height=\"1181\" srcset=\"https:\/\/photobizet.com\/wp-content\/uploads\/2019\/03\/pochette.jpg 1769w, https:\/\/photobizet.com\/wp-content\/uploads\/2019\/03\/pochette-300x200.jpg 300w, https:\/\/photobizet.com\/wp-content\/uploads\/2019\/03\/pochette-768x513.jpg 768w, https:\/\/photobizet.com\/wp-content\/uploads\/2019\/03\/pochette-1024x684.jpg 1024w, https:\/\/photobizet.com\/wp-content\/uploads\/2019\/03\/pochette-272x182.jpg 272w\" sizes=\"auto, (max-width: 1769px) 100vw, 1769px\" \/><br>voici \u00e0 quoi ressembleront vos photos (format 13&#215;19):<br><img loading=\"lazy\" decoding=\"async\" class=\"alignnone size-full wp-image-227\" src=\"https:\/\/photobizet.com\/wp-content\/uploads\/2019\/03\/exemple-portrait-T.jpg\" alt=\"\" width=\"2244\" height=\"1535\" srcset=\"https:\/\/photobizet.com\/wp-content\/uploads\/2019\/03\/exemple-portrait-T.jpg 2244w, https:\/\/photobizet.com\/wp-content\/uploads\/2019\/03\/exemple-portrait-T-300x205.jpg 300w, https:\/\/photobizet.com\/wp-content\/uploads\/2019\/03\/exemple-portrait-T-768x525.jpg 768w, https:\/\/photobizet.com\/wp-content\/uploads\/2019\/03\/exemple-portrait-T-1024x700.jpg 1024w\" sizes=\"auto, (max-width: 2244px) 100vw, 2244px\" \/><img loading=\"lazy\" decoding=\"async\" class=\"alignnone size-full wp-image-226\" src=\"https:\/\/photobizet.com\/wp-content\/uploads\/2019\/03\/exemple-portrait-H.jpg\" alt=\"\" width=\"1535\" height=\"2244\" srcset=\"https:\/\/photobizet.com\/wp-content\/uploads\/2019\/03\/exemple-portrait-H.jpg 1535w, https:\/\/photobizet.com\/wp-content\/uploads\/2019\/03\/exemple-portrait-H-205x300.jpg 205w, https:\/\/photobizet.com\/wp-content\/uploads\/2019\/03\/exemple-portrait-H-768x1123.jpg 768w, https:\/\/photobizet.com\/wp-content\/uploads\/2019\/03\/exemple-portrait-H-700x1024.jpg 700w\" sizes=\"auto, (max-width: 1535px) 100vw, 1535px\" \/><br>pour un rendu exceptionnel nous pouvons vous pr\u00e9senter les photos dans un livre album (devis sur demande) :<br><img loading=\"lazy\" decoding=\"async\" class=\"alignnone size-full wp-image-231\" src=\"https:\/\/photobizet.com\/wp-content\/uploads\/2019\/03\/livre-album-portrait-exterieur.jpg\" alt=\"\" width=\"1772\" height=\"1181\" srcset=\"https:\/\/photobizet.com\/wp-content\/uploads\/2019\/03\/livre-album-portrait-exterieur.jpg 1772w, https:\/\/photobizet.com\/wp-content\/uploads\/2019\/03\/livre-album-portrait-exterieur-300x200.jpg 300w, https:\/\/photobizet.com\/wp-content\/uploads\/2019\/03\/livre-album-portrait-exterieur-768x512.jpg 768w, https:\/\/photobizet.com\/wp-content\/uploads\/2019\/03\/livre-album-portrait-exterieur-1024x682.jpg 1024w, https:\/\/photobizet.com\/wp-content\/uploads\/2019\/03\/livre-album-portrait-exterieur-272x182.jpg 272w\" sizes=\"auto, (max-width: 1772px) 100vw, 1772px\" \/><img loading=\"lazy\" decoding=\"async\" class=\"alignnone size-full wp-image-232\" src=\"https:\/\/photobizet.com\/wp-content\/uploads\/2019\/03\/livre-album-portrait-interieur.jpg\" alt=\"\" width=\"1772\" height=\"1181\" srcset=\"https:\/\/photobizet.com\/wp-content\/uploads\/2019\/03\/livre-album-portrait-interieur.jpg 1772w, https:\/\/photobizet.com\/wp-content\/uploads\/2019\/03\/livre-album-portrait-interieur-300x200.jpg 300w, https:\/\/photobizet.com\/wp-content\/uploads\/2019\/03\/livre-album-portrait-interieur-768x512.jpg 768w, https:\/\/photobizet.com\/wp-content\/uploads\/2019\/03\/livre-album-portrait-interieur-1024x682.jpg 1024w, https:\/\/photobizet.com\/wp-content\/uploads\/2019\/03\/livre-album-portrait-interieur-272x182.jpg 272w\" sizes=\"auto, (max-width: 1772px) 100vw, 1772px\" \/><\/p>\n<p>Photos de Mariage :<\/p>\n<p>Selon votre forfait vous pouvez choisir des photos 13&#215;19 :<\/p>\n<p><\/p>\n\n\n<figure class=\"wp-block-image\"><img loading=\"lazy\" decoding=\"async\" width=\"700\" height=\"1024\" src=\"https:\/\/photobizet.com\/wp-content\/uploads\/2019\/03\/13x19-mariage-700x1024.jpg\" alt=\"\" class=\"wp-image-243\" srcset=\"https:\/\/photobizet.com\/wp-content\/uploads\/2019\/03\/13x19-mariage-700x1024.jpg 700w, https:\/\/photobizet.com\/wp-content\/uploads\/2019\/03\/13x19-mariage-205x300.jpg 205w, https:\/\/photobizet.com\/wp-content\/uploads\/2019\/03\/13x19-mariage-768x1123.jpg 768w, https:\/\/photobizet.com\/wp-content\/uploads\/2019\/03\/13x19-mariage.jpg 1535w\" sizes=\"auto, (max-width: 700px) 100vw, 700px\" \/><\/figure>\n\n\n\n<p>et \/ ou des photos 18&#215;24 pr\u00e9sent\u00e9es ainsi :<\/p>\n\n\n\n<figure class=\"wp-block-image\"><img loading=\"lazy\" decoding=\"async\" width=\"1024\" height=\"787\" src=\"https:\/\/photobizet.com\/wp-content\/uploads\/2019\/03\/mariage-exemple-T-1024x787.jpg\" alt=\"\" class=\"wp-image-234\" srcset=\"https:\/\/photobizet.com\/wp-content\/uploads\/2019\/03\/mariage-exemple-T-1024x787.jpg 1024w, https:\/\/photobizet.com\/wp-content\/uploads\/2019\/03\/mariage-exemple-T-300x231.jpg 300w, https:\/\/photobizet.com\/wp-content\/uploads\/2019\/03\/mariage-exemple-T-768x590.jpg 768w, https:\/\/photobizet.com\/wp-content\/uploads\/2019\/03\/mariage-exemple-T.jpg 1505w\" sizes=\"auto, (max-width: 1024px) 100vw, 1024px\" \/><\/figure>\n\n\n\n<figure class=\"wp-block-image\"><img loading=\"lazy\" decoding=\"async\" width=\"788\" height=\"1024\" src=\"https:\/\/photobizet.com\/wp-content\/uploads\/2019\/03\/mariage-exemple-H-788x1024.jpg\" alt=\"\" class=\"wp-image-233\" srcset=\"https:\/\/photobizet.com\/wp-content\/uploads\/2019\/03\/mariage-exemple-H-788x1024.jpg 788w, https:\/\/photobizet.com\/wp-content\/uploads\/2019\/03\/mariage-exemple-H-231x300.jpg 231w, https:\/\/photobizet.com\/wp-content\/uploads\/2019\/03\/mariage-exemple-H-768x998.jpg 768w, https:\/\/photobizet.com\/wp-content\/uploads\/2019\/03\/mariage-exemple-H.jpg 1141w\" sizes=\"auto, (max-width: 788px) 100vw, 788px\" \/><\/figure>\n\n\n\n<p>les photos sont coll\u00e9es dans un album traditionnel.<\/p>\n\n\n\n<p>pour un rendu unique je vous propose le livre album enti\u00e8rement personnalis\u00e9 :<\/p>\n\n\n\n<figure class=\"wp-block-image\"><img loading=\"lazy\" decoding=\"async\" width=\"1024\" height=\"682\" src=\"https:\/\/photobizet.com\/wp-content\/uploads\/2019\/03\/livre-album-mariage-exterieur-1024x682.jpg\" alt=\"\" class=\"wp-image-229\" srcset=\"https:\/\/photobizet.com\/wp-content\/uploads\/2019\/03\/livre-album-mariage-exterieur-1024x682.jpg 1024w, https:\/\/photobizet.com\/wp-content\/uploads\/2019\/03\/livre-album-mariage-exterieur-300x200.jpg 300w, https:\/\/photobizet.com\/wp-content\/uploads\/2019\/03\/livre-album-mariage-exterieur-768x512.jpg 768w, https:\/\/photobizet.com\/wp-content\/uploads\/2019\/03\/livre-album-mariage-exterieur-272x182.jpg 272w, https:\/\/photobizet.com\/wp-content\/uploads\/2019\/03\/livre-album-mariage-exterieur.jpg 1772w\" sizes=\"auto, (max-width: 1024px) 100vw, 1024px\" \/><\/figure>\n\n\n\n<figure class=\"wp-block-image\"><img loading=\"lazy\" decoding=\"async\" width=\"1024\" height=\"682\" src=\"https:\/\/photobizet.com\/wp-content\/uploads\/2019\/03\/livre-album-mariage-interieur-1024x682.jpg\" alt=\"\" class=\"wp-image-230\" srcset=\"https:\/\/photobizet.com\/wp-content\/uploads\/2019\/03\/livre-album-mariage-interieur-1024x682.jpg 1024w, https:\/\/photobizet.com\/wp-content\/uploads\/2019\/03\/livre-album-mariage-interieur-300x200.jpg 300w, https:\/\/photobizet.com\/wp-content\/uploads\/2019\/03\/livre-album-mariage-interieur-768x512.jpg 768w, https:\/\/photobizet.com\/wp-content\/uploads\/2019\/03\/livre-album-mariage-interieur-272x182.jpg 272w, https:\/\/photobizet.com\/wp-content\/uploads\/2019\/03\/livre-album-mariage-interieur.jpg 1772w\" sizes=\"auto, (max-width: 1024px) 100vw, 1024px\" \/><\/figure>\n\n\n\n<p>Les photos sont toutes retouch\u00e9es, par d\u00e9faut les retouches sont subtiles, mais peuvent \u00eatre plus ou moins importante selon votre choix. <\/p>\n\n\n\n<p> <br>Exemple de photo retouch\u00e9e (retouche soutenue pour book) :<\/p>\n\n\n\n<p> <\/p>\n\n\n<p><!-- \/wp:post-content --><\/p>\n<p><!-- wp:image {\"id\":236} -->\n<\/p>\n<figure class=\"wp-block-image\"><img loading=\"lazy\" decoding=\"async\" width=\"1024\" height=\"768\" src=\"https:\/\/photobizet.com\/wp-content\/uploads\/2019\/03\/Retouches-1024x768.jpg\" alt=\"\" class=\"wp-image-236\" srcset=\"https:\/\/photobizet.com\/wp-content\/uploads\/2019\/03\/Retouches-1024x768.jpg 1024w, https:\/\/photobizet.com\/wp-content\/uploads\/2019\/03\/Retouches-300x225.jpg 300w, https:\/\/photobizet.com\/wp-content\/uploads\/2019\/03\/Retouches-768x576.jpg 768w\" sizes=\"auto, (max-width: 1024px) 100vw, 1024px\" \/><\/figure>\n<p><!-- \/wp:image --><\/p>","protected":false},"excerpt":{"rendered":"<p>S\u00e9ance portraitLes photos de votre s\u00e9ance portrait sont pr\u00e9sent\u00e9es dans un album :Nous pouvons, si vous le souhaitez, vous les livrer en pochettes s\u00e9par\u00e9es :voici \u00e0 quoi ressembleront vos photos (format 13&#215;19):pour un rendu exceptionnel nous pouvons vous pr\u00e9senter les photos dans un livre album (devis sur demande) : Photos de Mariage : Selon votreLire la suite &rarr;<\/p>\n","protected":false},"author":1,"featured_media":0,"parent":0,"menu_order":0,"comment_status":"closed","ping_status":"closed","template":"","meta":{"footnotes":""},"class_list":["post-237","page","type-page","status-publish","hentry","no-thumb"],"_links":{"self":[{"href":"https:\/\/photobizet.com\/index.php\/wp-json\/wp\/v2\/pages\/237","targetHints":{"allow":["GET"]}}],"collection":[{"href":"https:\/\/photobizet.com\/index.php\/wp-json\/wp\/v2\/pages"}],"about":[{"href":"https:\/\/photobizet.com\/index.php\/wp-json\/wp\/v2\/types\/page"}],"author":[{"embeddable":true,"href":"https:\/\/photobizet.com\/index.php\/wp-json\/wp\/v2\/users\/1"}],"replies":[{"embeddable":true,"href":"https:\/\/photobizet.com\/index.php\/wp-json\/wp\/v2\/comments?post=237"}],"version-history":[{"count":10,"href":"https:\/\/photobizet.com\/index.php\/wp-json\/wp\/v2\/pages\/237\/revisions"}],"predecessor-version":[{"id":269,"href":"https:\/\/photobizet.com\/index.php\/wp-json\/wp\/v2\/pages\/237\/revisions\/269"}],"wp:attachment":[{"href":"https:\/\/photobizet.com\/index.php\/wp-json\/wp\/v2\/media?parent=237"}],"curies":[{"name":"wp","href":"https:\/\/api.w.org\/{rel}","templated":true}]}}